{"id":6078,"date":"2024-08-24T05:43:04","date_gmt":"2024-08-24T05:43:04","guid":{"rendered":"https:\/\/absbarrier.com\/ueber-uns\/"},"modified":"2025-03-27T17:59:35","modified_gmt":"2025-03-27T17:59:35","slug":"ueber-uns","status":"publish","type":"page","link":"https:\/\/absbarrier.com\/de\/ueber-uns\/","title":{"rendered":"\u00dcber uns"},"content":{"rendered":"\t\t<div data-elementor-type=\"wp-page\" data-elementor-id=\"6078\" class=\"elementor elementor-6078 elementor-119\">\n\t\t\t\t<div class=\"elementor-element elementor-element-6293501 e-flex e-con-boxed e-con e-parent\" data-id=\"6293501\" data-element_type=\"container\" data-e-type=\"container\" data-settings=\"{&quot;background_background&quot;:&quot;classic&quot;}\">\n\t\t\t\t\t<div class=\"e-con-inner\">\n\t\t<div class=\"elementor-element elementor-element-60f23af e-con-full e-flex e-con e-child\" data-id=\"60f23af\" data-element_type=\"container\" data-e-type=\"container\">\n\t\t\t\t<div class=\"elementor-element elementor-element-8b67591 elementor-widget elementor-widget-heading\" data-id=\"8b67591\" data-element_type=\"widget\" data-e-type=\"widget\" data-widget_type=\"heading.default\">\n\t\t\t\t<div class=\"elementor-widget-container\">\n\t\t\t\t\t<h1 class=\"elementor-heading-title elementor-size-default\">\u00dcber uns<\/h1>\t\t\t\t<\/div>\n\t\t\t\t<\/div>\n\t\t\t\t<div class=\"elementor-element elementor-element-8d29c6c elementor-widget elementor-widget-text-editor\" data-id=\"8d29c6c\" data-element_type=\"widget\" data-e-type=\"widget\" data-widget_type=\"text-editor.default\">\n\t\t\t\t<div class=\"elementor-widget-container\">\n\t\t\t\t\t\t\t\t\t<p>Wir haben uns auf die Entwicklung innovativer L\u00f6sungen f\u00fcr den tempor\u00e4ren Hochwasserschutz, Bauprojekte im Wasser und die tempor\u00e4re Lagerung von Fl\u00fcssigkeiten spezialisiert.<\/p>\n\t\t\t\t\t\t\t\t<\/div>\n\t\t\t\t<\/div>\n\t\t\t\t<\/div>\n\t\t\t\t\t<\/div>\n\t\t\t\t<\/div>\n\t\t<div class=\"elementor-element elementor-element-1df73b1 e-flex e-con-boxed e-con e-parent\" data-id=\"1df73b1\" data-element_type=\"container\" data-e-type=\"container\" data-settings=\"{&quot;background_background&quot;:&quot;classic&quot;}\">\n\t\t\t\t\t<div class=\"e-con-inner\">\n\t\t<div class=\"elementor-element elementor-element-c002b61 e-con-full e-flex e-con e-child\" data-id=\"c002b61\" data-element_type=\"container\" data-e-type=\"container\" data-settings=\"{&quot;background_background&quot;:&quot;classic&quot;}\">\n\t\t\t\t<div class=\"elementor-element elementor-element-b97116c elementor-widget elementor-widget-image\" data-id=\"b97116c\" data-element_type=\"widget\" data-e-type=\"widget\" data-widget_type=\"image.default\">\n\t\t\t\t<div class=\"elementor-widget-container\">\n\t\t\t\t\t\t\t\t\t\t\t\t\t\t\t<img fetchpriority=\"high\" decoding=\"async\" width=\"640\" height=\"480\" src=\"https:\/\/absbarrier.com\/wp-content\/uploads\/2025\/03\/image0-1.webp\" class=\"attachment-full size-full wp-image-5967\" alt=\"\" srcset=\"https:\/\/absbarrier.com\/wp-content\/uploads\/2025\/03\/image0-1.webp 640w, https:\/\/absbarrier.com\/wp-content\/uploads\/2025\/03\/image0-1-300x225.webp 300w\" sizes=\"(max-width: 640px) 100vw, 640px\" \/>\t\t\t\t\t\t\t\t\t\t\t\t\t\t\t<\/div>\n\t\t\t\t<\/div>\n\t\t\t\t<\/div>\n\t\t<div class=\"elementor-element elementor-element-eeb1dd2 e-con-full e-flex e-con e-child\" data-id=\"eeb1dd2\" data-element_type=\"container\" data-e-type=\"container\">\n\t\t\t\t<div class=\"elementor-element elementor-element-e703ad7 elementor-widget elementor-widget-text-editor\" data-id=\"e703ad7\" data-element_type=\"widget\" data-e-type=\"widget\" data-widget_type=\"text-editor.default\">\n\t\t\t\t<div class=\"elementor-widget-container\">\n\t\t\t\t\t\t\t\t\t<p><span style=\"font-size: 12pt; font-family: \"Calibri Light\", sans-serif; background-image: initial; background-position: initial; background-size: initial; background-repeat: initial; background-attachment: initial; background-origin: initial; background-clip: initial;\">Wir haben uns auf die Entwicklung und Herstellung innovativer L\u00f6sungen f\u00fcr den tempor\u00e4ren Hochwasserschutz, Bauprojekte im Wasser und die tempor\u00e4re Lagerung von Fl\u00fcssigkeiten spezialisiert. Mit einem starken Engagement f\u00fcr herausragende Leistungen und einer Verpflichtung zu Qualit\u00e4t bieten wir eine breite Palette von Barrieren an, die den Anforderungen unserer Kunden entsprechen. Unsere Kompetenz liegt in der Bereitstellung innovativer L\u00f6sungen, die die Erwartungen immer wieder \u00fcbertreffen, sei es beim Schutz vor \u00dcberschwemmungen, bei der vor\u00fcbergehenden Lagerung von Fl\u00fcssigkeiten oder bei der Unterst\u00fctzung von Bauprojekten im Wasser.    &nbsp;Jedes Produkt wurde mit Pr\u00e4zision und Zuverl\u00e4ssigkeit entwickelt, um selbst unter den schwierigsten Bedingungen eine erstklassige Leistung zu gew\u00e4hrleisten.<\/span><span style=\"color: rgb(0, 0, 0); font-size: medium;\"><\/span><\/p>\n\t\t\t\t\t\t\t\t<\/div>\n\t\t\t\t<\/div>\n\t\t\t\t<\/div>\n\t\t\t\t\t<\/div>\n\t\t\t\t<\/div>\n\t\t<div class=\"elementor-element elementor-element-090c4cd e-flex e-con-boxed e-con e-parent\" data-id=\"090c4cd\" data-element_type=\"container\" data-e-type=\"container\" data-settings=\"{&quot;background_background&quot;:&quot;classic&quot;}\">\n\t\t\t\t\t<div class=\"e-con-inner\">\n\t\t<div class=\"elementor-element elementor-element-35cfc79 e-con-full e-flex e-con e-child\" data-id=\"35cfc79\" data-element_type=\"container\" data-e-type=\"container\">\n\t\t<div class=\"elementor-element elementor-element-649a74b e-flex e-con-boxed e-con e-child\" data-id=\"649a74b\" data-element_type=\"container\" data-e-type=\"container\">\n\t\t\t\t\t<div class=\"e-con-inner\">\n\t\t<div class=\"elementor-element elementor-element-22f442e e-con-full e-flex e-con e-child\" data-id=\"22f442e\" data-element_type=\"container\" data-e-type=\"container\">\n\t\t\t\t<div class=\"elementor-element elementor-element-a0263fc elementor-widget elementor-widget-heading\" data-id=\"a0263fc\" data-element_type=\"widget\" data-e-type=\"widget\" data-widget_type=\"heading.default\">\n\t\t\t\t<div class=\"elementor-widget-container\">\n\t\t\t\t\t<h3 class=\"elementor-heading-title elementor-size-default\">Was wir tun<\/h3>\t\t\t\t<\/div>\n\t\t\t\t<\/div>\n\t\t\t\t<\/div>\n\t\t<div class=\"elementor-element elementor-element-f8f492f e-con-full e-flex e-con e-child\" data-id=\"f8f492f\" data-element_type=\"container\" data-e-type=\"container\">\n\t\t\t\t<div class=\"elementor-element elementor-element-297a0ce elementor-widget elementor-widget-text-editor\" data-id=\"297a0ce\" data-element_type=\"widget\" data-e-type=\"widget\" data-widget_type=\"text-editor.default\">\n\t\t\t\t<div class=\"elementor-widget-container\">\n\t\t\t\t\t\t\t\t\t<p>Mit dem Schwerpunkt auf Innovation und Kundenzufriedenheit arbeiten wir daran, neue L\u00f6sungen zu entwickeln und auf den Markt zu bringen, die den sich ver\u00e4ndernden Herausforderungen unserer Kunden gerecht werden.<\/p>\n\t\t\t\t\t\t\t\t<\/div>\n\t\t\t\t<\/div>\n\t\t\t\t<\/div>\n\t\t\t\t\t<\/div>\n\t\t\t\t<\/div>\n\t\t<div class=\"elementor-element elementor-element-bcae62d e-flex e-con-boxed e-con e-child\" data-id=\"bcae62d\" data-element_type=\"container\" data-e-type=\"container\">\n\t\t\t\t\t<div class=\"e-con-inner\">\n\t\t<div class=\"elementor-element elementor-element-851ace2 e-con-full e-flex e-con e-child\" data-id=\"851ace2\" data-element_type=\"container\" data-e-type=\"container\">\n\t\t\t\t<div class=\"elementor-element elementor-element-ad63d72 elementor-widget elementor-widget-heading\" data-id=\"ad63d72\" data-element_type=\"widget\" data-e-type=\"widget\" data-widget_type=\"heading.default\">\n\t\t\t\t<div class=\"elementor-widget-container\">\n\t\t\t\t\t<h3 class=\"elementor-heading-title elementor-size-default\">Entdecken Sie die Vorteile<\/h3>\t\t\t\t<\/div>\n\t\t\t\t<\/div>\n\t\t\t\t<\/div>\n\t\t<div class=\"elementor-element elementor-element-d2d53df e-con-full e-flex e-con e-child\" data-id=\"d2d53df\" data-element_type=\"container\" data-e-type=\"container\">\n\t\t\t\t<div class=\"elementor-element elementor-element-bdb4298 elementor-widget elementor-widget-text-editor\" data-id=\"bdb4298\" data-element_type=\"widget\" data-e-type=\"widget\" data-widget_type=\"text-editor.default\">\n\t\t\t\t<div class=\"elementor-widget-container\">\n\t\t\t\t\t\t\t\t\t<p>Unabh\u00e4ngig von Umfang und Komplexit\u00e4t Ihres Projekts bieten wir Ihnen ma\u00dfgeschneiderte L\u00f6sungen f\u00fcr Ihre Bed\u00fcrfnisse. Entdecken Sie die Vorteile, die die L\u00f6sungen von NoFloods f\u00fcr Ihr Projekt bringen k\u00f6nnen. Setzen Sie sich noch heute mit uns in Verbindung, um mehr \u00fcber unser umfangreiches Angebot an Barrieren zu erfahren und dar\u00fcber, wie wir einen ma\u00dfgeschneiderten Ansatz f\u00fcr Ihre speziellen Anforderungen anbieten k\u00f6nnen.  <\/p>\n\t\t\t\t\t\t\t\t<\/div>\n\t\t\t\t<\/div>\n\t\t\t\t<\/div>\n\t\t\t\t\t<\/div>\n\t\t\t\t<\/div>\n\t\t<div class=\"elementor-element elementor-element-7f7ef02 e-con-full e-flex e-con e-child\" data-id=\"7f7ef02\" data-element_type=\"container\" data-e-type=\"container\">\n\t\t<div class=\"elementor-element elementor-element-202a353 e-con-full e-flex e-con e-child\" data-id=\"202a353\" data-element_type=\"container\" data-e-type=\"container\">\n\t\t\t\t<div class=\"elementor-element elementor-element-aa0547e elementor-widget elementor-widget-heading\" data-id=\"aa0547e\" data-element_type=\"widget\" data-e-type=\"widget\" data-widget_type=\"heading.default\">\n\t\t\t\t<div class=\"elementor-widget-container\">\n\t\t\t\t\t<h3 class=\"elementor-heading-title elementor-size-default\">Erkunden Sie<br> unsere L\u00f6sungen<\/h3>\t\t\t\t<\/div>\n\t\t\t\t<\/div>\n\t\t\t\t<\/div>\n\t\t<div class=\"elementor-element elementor-element-3eb3d36 e-con-full e-flex e-con e-child\" data-id=\"3eb3d36\" data-element_type=\"container\" data-e-type=\"container\">\n\t\t\t\t<div class=\"elementor-element elementor-element-cc0418b elementor-widget elementor-widget-text-editor\" data-id=\"cc0418b\" data-element_type=\"widget\" data-e-type=\"widget\" data-widget_type=\"text-editor.default\">\n\t\t\t\t<div class=\"elementor-widget-container\">\n\t\t\t\t\t\t\t\t\t<p>Besuchen Sie unsere Website <a href=\"https:\/\/nofloods.com\/\" target=\"_blank\" rel=\"noopener\">nofloods.com<\/a>, um unser komplettes Produktsortiment kennenzulernen und zu erfahren, wie Sie damit Ihre speziellen Anforderungen erf\u00fcllen k\u00f6nnen. Unser Team hilft Ihnen dabei, das zu sch\u00fctzen, was Ihnen am wichtigsten ist. <\/p>\n\t\t\t\t\t\t\t\t<\/div>\n\t\t\t\t<\/div>\n\t\t\t\t<\/div>\n\t\t\t\t<\/div>\n\t\t\t\t<\/div>\n\t\t\t\t\t<\/div>\n\t\t\t\t<\/div>\n\t\t\t\t<\/div>\n\t\t","protected":false},"excerpt":{"rendered":"<p>\u00dcber uns Wir haben uns auf die Entwicklung innovativer L\u00f6sungen f\u00fcr den tempor\u00e4ren Hochwasserschutz, Bauprojekte im Wasser und die tempor\u00e4re [&hellip;]<\/p>\n","protected":false},"author":3,"featured_media":0,"parent":0,"menu_order":0,"comment_status":"closed","ping_status":"closed","template":"","meta":{"nf_dc_page":"","site-sidebar-layout":"no-sidebar","site-content-layout":"page-builder","ast-site-content-layout":"full-width-container","site-content-style":"unboxed","site-sidebar-style":"default","ast-global-header-display":"","ast-banner-title-visibility":"","ast-main-header-display":"","ast-hfb-above-header-display":"","ast-hfb-below-header-display":"","ast-hfb-mobile-header-display":"","site-post-title":"disabled","ast-breadcrumbs-content":"","ast-featured-img":"disabled","footer-sml-layout":"","ast-disable-related-posts":"","theme-transparent-header-meta":"enabled","adv-header-id-meta":"","stick-header-meta":"","header-above-stick-meta":"","header-main-stick-meta":"","header-below-stick-meta":"","astra-migrate-meta-layouts":"default","ast-page-background-enabled":"default","ast-page-background-meta":{"desktop":{"background-color":"","background-image":"","background-repeat":"repeat","background-position":"center center","background-size":"auto","background-attachment":"scroll","background-type":"","background-media":"","overlay-type":"","overlay-color":"","overlay-opacity":"","overlay-gradient":""},"tablet":{"background-color":"","background-image":"","background-repeat":"repeat","background-position":"center center","background-size":"auto","background-attachment":"scroll","background-type":"","background-media":"","overlay-type":"","overlay-color":"","overlay-opacity":"","overlay-gradient":""},"mobile":{"background-color":"","background-image":"","background-repeat":"repeat","background-position":"center center","background-size":"auto","background-attachment":"scroll","background-type":"","background-media":"","overlay-type":"","overlay-color":"","overlay-opacity":"","overlay-gradient":""}},"ast-content-background-meta":{"desktop":{"background-color":"var(--ast-global-color-5)","background-image":"","background-repeat":"repeat","background-position":"center center","background-size":"auto","background-attachment":"scroll","background-type":"","background-media":"","overlay-type":"","overlay-color":"","overlay-opacity":"","overlay-gradient":""},"tablet":{"background-color":"var(--ast-global-color-5)","background-image":"","background-repeat":"repeat","background-position":"center center","background-size":"auto","background-attachment":"scroll","background-type":"","background-media":"","overlay-type":"","overlay-color":"","overlay-opacity":"","overlay-gradient":""},"mobile":{"background-color":"var(--ast-global-color-5)","background-image":"","background-repeat":"repeat","background-position":"center center","background-size":"auto","background-attachment":"scroll","background-type":"","background-media":"","overlay-type":"","overlay-color":"","overlay-opacity":"","overlay-gradient":""}},"footnotes":""},"class_list":["post-6078","page","type-page","status-publish","hentry"],"yoast_head":"<!-- This site is optimized with the Yoast SEO plugin v27.5 - https:\/\/yoast.com\/product\/yoast-seo-wordpress\/ -->\n<title>\u00dcber ABSBarrier - Innovative L\u00f6sungen f\u00fcr den tempor\u00e4ren Hochwasserschutz<\/title>\n<meta name=\"description\" content=\"\u00dcber ABSBarrieren - Wir sind spezialisiert auf innovative L\u00f6sungen f\u00fcr tempor\u00e4ren Hochwasserschutz, Bauvorhaben im Wasser und Fl\u00fcssigkeitslagerung.\" \/>\n<meta name=\"robots\" content=\"index, follow, max-snippet:-1, max-image-preview:large, max-video-preview:-1\" \/>\n<link rel=\"canonical\" href=\"https:\/\/absbarrier.com\/de\/ueber-uns\/\" \/>\n<meta property=\"og:locale\" content=\"de_DE\" \/>\n<meta property=\"og:type\" content=\"article\" \/>\n<meta property=\"og:title\" content=\"\u00dcber ABSBarrier - Innovative L\u00f6sungen f\u00fcr den tempor\u00e4ren Hochwasserschutz\" \/>\n<meta property=\"og:description\" content=\"\u00dcber ABSBarrieren - Wir sind spezialisiert auf innovative L\u00f6sungen f\u00fcr tempor\u00e4ren Hochwasserschutz, Bauvorhaben im Wasser und Fl\u00fcssigkeitslagerung.\" \/>\n<meta property=\"og:url\" content=\"https:\/\/absbarrier.com\/de\/ueber-uns\/\" \/>\n<meta property=\"og:site_name\" content=\"ABSBarrier Flood Barrier\" \/>\n<meta property=\"article:modified_time\" content=\"2025-03-27T17:59:35+00:00\" \/>\n<meta property=\"og:image\" content=\"https:\/\/absbarrier.com\/wp-content\/uploads\/2025\/03\/image0-1.webp\" \/>\n\t<meta property=\"og:image:width\" content=\"640\" \/>\n\t<meta property=\"og:image:height\" content=\"480\" \/>\n\t<meta property=\"og:image:type\" content=\"image\/webp\" \/>\n<meta name=\"twitter:card\" content=\"summary_large_image\" \/>\n<meta name=\"twitter:label1\" content=\"Gesch\u00e4tzte Lesezeit\" \/>\n\t<meta name=\"twitter:data1\" content=\"2\u00a0Minuten\" \/>\n<script type=\"application\/ld+json\" class=\"yoast-schema-graph\">{\"@context\":\"https:\\\/\\\/schema.org\",\"@graph\":[{\"@type\":\"WebPage\",\"@id\":\"https:\\\/\\\/absbarrier.com\\\/de\\\/ueber-uns\\\/\",\"url\":\"https:\\\/\\\/absbarrier.com\\\/de\\\/ueber-uns\\\/\",\"name\":\"\u00dcber ABSBarrier - Innovative L\u00f6sungen f\u00fcr den tempor\u00e4ren Hochwasserschutz\",\"isPartOf\":{\"@id\":\"https:\\\/\\\/absbarrier.com\\\/de\\\/#website\"},\"primaryImageOfPage\":{\"@id\":\"https:\\\/\\\/absbarrier.com\\\/de\\\/ueber-uns\\\/#primaryimage\"},\"image\":{\"@id\":\"https:\\\/\\\/absbarrier.com\\\/de\\\/ueber-uns\\\/#primaryimage\"},\"thumbnailUrl\":\"https:\\\/\\\/absbarrier.com\\\/wp-content\\\/uploads\\\/2025\\\/03\\\/image0-1.webp\",\"datePublished\":\"2024-08-24T05:43:04+00:00\",\"dateModified\":\"2025-03-27T17:59:35+00:00\",\"description\":\"\u00dcber ABSBarrieren - Wir sind spezialisiert auf innovative L\u00f6sungen f\u00fcr tempor\u00e4ren Hochwasserschutz, Bauvorhaben im Wasser und Fl\u00fcssigkeitslagerung.\",\"breadcrumb\":{\"@id\":\"https:\\\/\\\/absbarrier.com\\\/de\\\/ueber-uns\\\/#breadcrumb\"},\"inLanguage\":\"de\",\"potentialAction\":[{\"@type\":\"ReadAction\",\"target\":[\"https:\\\/\\\/absbarrier.com\\\/de\\\/ueber-uns\\\/\"]}]},{\"@type\":\"ImageObject\",\"inLanguage\":\"de\",\"@id\":\"https:\\\/\\\/absbarrier.com\\\/de\\\/ueber-uns\\\/#primaryimage\",\"url\":\"https:\\\/\\\/absbarrier.com\\\/wp-content\\\/uploads\\\/2025\\\/03\\\/image0-1.webp\",\"contentUrl\":\"https:\\\/\\\/absbarrier.com\\\/wp-content\\\/uploads\\\/2025\\\/03\\\/image0-1.webp\"},{\"@type\":\"BreadcrumbList\",\"@id\":\"https:\\\/\\\/absbarrier.com\\\/de\\\/ueber-uns\\\/#breadcrumb\",\"itemListElement\":[{\"@type\":\"ListItem\",\"position\":1,\"name\":\"Home\",\"item\":\"https:\\\/\\\/absbarrier.com\\\/de\\\/startseite\\\/\"},{\"@type\":\"ListItem\",\"position\":2,\"name\":\"\u00dcber uns\"}]},{\"@type\":\"WebSite\",\"@id\":\"https:\\\/\\\/absbarrier.com\\\/de\\\/#website\",\"url\":\"https:\\\/\\\/absbarrier.com\\\/de\\\/\",\"name\":\"ABSBarrier Flood Barrier\",\"description\":\"By Environment Solutions\",\"publisher\":{\"@id\":\"https:\\\/\\\/absbarrier.com\\\/de\\\/#organization\"},\"potentialAction\":[{\"@type\":\"SearchAction\",\"target\":{\"@type\":\"EntryPoint\",\"urlTemplate\":\"https:\\\/\\\/absbarrier.com\\\/de\\\/?s={search_term_string}\"},\"query-input\":{\"@type\":\"PropertyValueSpecification\",\"valueRequired\":true,\"valueName\":\"search_term_string\"}}],\"inLanguage\":\"de\"},{\"@type\":\"Organization\",\"@id\":\"https:\\\/\\\/absbarrier.com\\\/de\\\/#organization\",\"name\":\"ABSBarrier Flood Barrier\",\"url\":\"https:\\\/\\\/absbarrier.com\\\/de\\\/\",\"logo\":{\"@type\":\"ImageObject\",\"inLanguage\":\"de\",\"@id\":\"https:\\\/\\\/absbarrier.com\\\/de\\\/#\\\/schema\\\/logo\\\/image\\\/\",\"url\":\"https:\\\/\\\/absbarrier.com\\\/wp-content\\\/uploads\\\/2024\\\/10\\\/NoFloods-Logo-white-1-e1730297224817.png\",\"contentUrl\":\"https:\\\/\\\/absbarrier.com\\\/wp-content\\\/uploads\\\/2024\\\/10\\\/NoFloods-Logo-white-1-e1730297224817.png\",\"width\":397,\"height\":76,\"caption\":\"ABSBarrier Flood Barrier\"},\"image\":{\"@id\":\"https:\\\/\\\/absbarrier.com\\\/de\\\/#\\\/schema\\\/logo\\\/image\\\/\"}}]}<\/script>\n<!-- \/ Yoast SEO plugin. -->","yoast_head_json":{"title":"\u00dcber ABSBarrier - Innovative L\u00f6sungen f\u00fcr den tempor\u00e4ren Hochwasserschutz","description":"\u00dcber ABSBarrieren - Wir sind spezialisiert auf innovative L\u00f6sungen f\u00fcr tempor\u00e4ren Hochwasserschutz, Bauvorhaben im Wasser und Fl\u00fcssigkeitslagerung.","robots":{"index":"index","follow":"follow","max-snippet":"max-snippet:-1","max-image-preview":"max-image-preview:large","max-video-preview":"max-video-preview:-1"},"canonical":"https:\/\/absbarrier.com\/de\/ueber-uns\/","og_locale":"de_DE","og_type":"article","og_title":"\u00dcber ABSBarrier - Innovative L\u00f6sungen f\u00fcr den tempor\u00e4ren Hochwasserschutz","og_description":"\u00dcber ABSBarrieren - Wir sind spezialisiert auf innovative L\u00f6sungen f\u00fcr tempor\u00e4ren Hochwasserschutz, Bauvorhaben im Wasser und Fl\u00fcssigkeitslagerung.","og_url":"https:\/\/absbarrier.com\/de\/ueber-uns\/","og_site_name":"ABSBarrier Flood Barrier","article_modified_time":"2025-03-27T17:59:35+00:00","og_image":[{"width":640,"height":480,"url":"https:\/\/absbarrier.com\/wp-content\/uploads\/2025\/03\/image0-1.webp","type":"image\/webp"}],"twitter_card":"summary_large_image","twitter_misc":{"Gesch\u00e4tzte Lesezeit":"2\u00a0Minuten"},"schema":{"@context":"https:\/\/schema.org","@graph":[{"@type":"WebPage","@id":"https:\/\/absbarrier.com\/de\/ueber-uns\/","url":"https:\/\/absbarrier.com\/de\/ueber-uns\/","name":"\u00dcber ABSBarrier - Innovative L\u00f6sungen f\u00fcr den tempor\u00e4ren Hochwasserschutz","isPartOf":{"@id":"https:\/\/absbarrier.com\/de\/#website"},"primaryImageOfPage":{"@id":"https:\/\/absbarrier.com\/de\/ueber-uns\/#primaryimage"},"image":{"@id":"https:\/\/absbarrier.com\/de\/ueber-uns\/#primaryimage"},"thumbnailUrl":"https:\/\/absbarrier.com\/wp-content\/uploads\/2025\/03\/image0-1.webp","datePublished":"2024-08-24T05:43:04+00:00","dateModified":"2025-03-27T17:59:35+00:00","description":"\u00dcber ABSBarrieren - Wir sind spezialisiert auf innovative L\u00f6sungen f\u00fcr tempor\u00e4ren Hochwasserschutz, Bauvorhaben im Wasser und Fl\u00fcssigkeitslagerung.","breadcrumb":{"@id":"https:\/\/absbarrier.com\/de\/ueber-uns\/#breadcrumb"},"inLanguage":"de","potentialAction":[{"@type":"ReadAction","target":["https:\/\/absbarrier.com\/de\/ueber-uns\/"]}]},{"@type":"ImageObject","inLanguage":"de","@id":"https:\/\/absbarrier.com\/de\/ueber-uns\/#primaryimage","url":"https:\/\/absbarrier.com\/wp-content\/uploads\/2025\/03\/image0-1.webp","contentUrl":"https:\/\/absbarrier.com\/wp-content\/uploads\/2025\/03\/image0-1.webp"},{"@type":"BreadcrumbList","@id":"https:\/\/absbarrier.com\/de\/ueber-uns\/#breadcrumb","itemListElement":[{"@type":"ListItem","position":1,"name":"Home","item":"https:\/\/absbarrier.com\/de\/startseite\/"},{"@type":"ListItem","position":2,"name":"\u00dcber uns"}]},{"@type":"WebSite","@id":"https:\/\/absbarrier.com\/de\/#website","url":"https:\/\/absbarrier.com\/de\/","name":"ABSBarrier Flood Barrier","description":"By Environment Solutions","publisher":{"@id":"https:\/\/absbarrier.com\/de\/#organization"},"potentialAction":[{"@type":"SearchAction","target":{"@type":"EntryPoint","urlTemplate":"https:\/\/absbarrier.com\/de\/?s={search_term_string}"},"query-input":{"@type":"PropertyValueSpecification","valueRequired":true,"valueName":"search_term_string"}}],"inLanguage":"de"},{"@type":"Organization","@id":"https:\/\/absbarrier.com\/de\/#organization","name":"ABSBarrier Flood Barrier","url":"https:\/\/absbarrier.com\/de\/","logo":{"@type":"ImageObject","inLanguage":"de","@id":"https:\/\/absbarrier.com\/de\/#\/schema\/logo\/image\/","url":"https:\/\/absbarrier.com\/wp-content\/uploads\/2024\/10\/NoFloods-Logo-white-1-e1730297224817.png","contentUrl":"https:\/\/absbarrier.com\/wp-content\/uploads\/2024\/10\/NoFloods-Logo-white-1-e1730297224817.png","width":397,"height":76,"caption":"ABSBarrier Flood Barrier"},"image":{"@id":"https:\/\/absbarrier.com\/de\/#\/schema\/logo\/image\/"}}]}},"_links":{"self":[{"href":"https:\/\/absbarrier.com\/de\/wp-json\/wp\/v2\/pages\/6078","targetHints":{"allow":["GET"]}}],"collection":[{"href":"https:\/\/absbarrier.com\/de\/wp-json\/wp\/v2\/pages"}],"about":[{"href":"https:\/\/absbarrier.com\/de\/wp-json\/wp\/v2\/types\/page"}],"author":[{"embeddable":true,"href":"https:\/\/absbarrier.com\/de\/wp-json\/wp\/v2\/users\/3"}],"replies":[{"embeddable":true,"href":"https:\/\/absbarrier.com\/de\/wp-json\/wp\/v2\/comments?post=6078"}],"version-history":[{"count":1,"href":"https:\/\/absbarrier.com\/de\/wp-json\/wp\/v2\/pages\/6078\/revisions"}],"predecessor-version":[{"id":6081,"href":"https:\/\/absbarrier.com\/de\/wp-json\/wp\/v2\/pages\/6078\/revisions\/6081"}],"wp:attachment":[{"href":"https:\/\/absbarrier.com\/de\/wp-json\/wp\/v2\/media?parent=6078"}],"curies":[{"name":"wp","href":"https:\/\/api.w.org\/{rel}","templated":true}]}}